{"id":6306,"date":"2023-02-22T12:14:56","date_gmt":"2023-02-22T10:14:56","guid":{"rendered":"https:\/\/visitzirovnica.si\/?page_id=6306"},"modified":"2023-02-22T12:14:56","modified_gmt":"2023-02-22T10:14:56","slug":"cycling-routes-in-zirovnica","status":"publish","type":"page","link":"https:\/\/visitzirovnica.si\/en\/cycling-routes-in-zirovnica\/","title":{"rendered":"Cycling Routes in \u017dirovnica"},"content":{"rendered":"","protected":false},"excerpt":{"rendered":"","protected":false},"author":10,"featured_media":6077,"parent":0,"menu_order":0,"comment_status":"closed","ping_status":"closed","template":"","meta":{"_acf_changed":false,"footnotes":""},"class_list":["post-6306","page","type-page","status-publish","has-post-thumbnail","hentry"],"acf":[],"yoast_head":"<!-- This site is optimized with the Yoast SEO plugin v24.6 - https:\/\/yoast.com\/wordpress\/plugins\/seo\/ -->\n<title>Cycling Routes in \u017dirovnica - \u017dirovnica<\/title>\n<meta name=\"description\" content=\"A selection of the most beautiful cycle routes in \u017dirovnica - Julian Alps - Karavanke - Visit \u017dirovnica - Bike routes - Plan, track and save cycling routes\" \/>\n<meta name=\"robots\" content=\"index, follow, max-snippet:-1, max-image-preview:large, max-video-preview:-1\" \/>\n<link rel=\"canonical\" href=\"https:\/\/visitzirovnica.si\/en\/cycling-routes-in-zirovnica\/\" \/>\n<meta property=\"og:locale\" content=\"en_US\" \/>\n<meta property=\"og:type\" content=\"article\" \/>\n<meta property=\"og:title\" content=\"Cycling Routes in \u017dirovnica - \u017dirovnica\" \/>\n<meta property=\"og:description\" content=\"A selection of the most beautiful cycle routes in \u017dirovnica - Julian Alps - Karavanke - Visit \u017dirovnica - Bike routes - Plan, track and save cycling routes\" \/>\n<meta property=\"og:url\" content=\"https:\/\/visitzirovnica.si\/en\/cycling-routes-in-zirovnica\/\" \/>\n<meta property=\"og:site_name\" content=\"\u017dirovnica\" \/>\n<meta property=\"article:publisher\" content=\"https:\/\/www.facebook.com\/TurizemZirovnica\/\" \/>\n<meta property=\"og:image\" content=\"https:\/\/visitzirovnica.si\/wp-content\/uploads\/2022\/12\/Cerkev-Sv-Marka-kolesarastvo-Jost_Gantar.jpg\" \/>\n\t<meta property=\"og:image:width\" content=\"1000\" \/>\n\t<meta property=\"og:image:height\" content=\"667\" \/>\n\t<meta property=\"og:image:type\" content=\"image\/jpeg\" \/>\n<meta name=\"twitter:card\" content=\"summary_large_image\" \/>\n<script type=\"application\/ld+json\" class=\"yoast-schema-graph\">{\"@context\":\"https:\/\/schema.org\",\"@graph\":[{\"@type\":\"WebPage\",\"@id\":\"https:\/\/visitzirovnica.si\/en\/cycling-routes-in-zirovnica\/\",\"url\":\"https:\/\/visitzirovnica.si\/en\/cycling-routes-in-zirovnica\/\",\"name\":\"Cycling Routes in \u017dirovnica - \u017dirovnica\",\"isPartOf\":{\"@id\":\"http:\/\/visitzirovnica.si\/en\/#website\"},\"primaryImageOfPage\":{\"@id\":\"https:\/\/visitzirovnica.si\/en\/cycling-routes-in-zirovnica\/#primaryimage\"},\"image\":{\"@id\":\"https:\/\/visitzirovnica.si\/en\/cycling-routes-in-zirovnica\/#primaryimage\"},\"thumbnailUrl\":\"https:\/\/visitzirovnica.si\/wp-content\/uploads\/2022\/12\/Cerkev-Sv-Marka-kolesarastvo-Jost_Gantar.jpg\",\"datePublished\":\"2023-02-22T10:14:56+00:00\",\"description\":\"A selection of the most beautiful cycle routes in \u017dirovnica - Julian Alps - Karavanke - Visit \u017dirovnica - Bike routes - Plan, track and save cycling routes\",\"breadcrumb\":{\"@id\":\"https:\/\/visitzirovnica.si\/en\/cycling-routes-in-zirovnica\/#breadcrumb\"},\"inLanguage\":\"en-US\",\"potentialAction\":[{\"@type\":\"ReadAction\",\"target\":[\"https:\/\/visitzirovnica.si\/en\/cycling-routes-in-zirovnica\/\"]}]},{\"@type\":\"ImageObject\",\"inLanguage\":\"en-US\",\"@id\":\"https:\/\/visitzirovnica.si\/en\/cycling-routes-in-zirovnica\/#primaryimage\",\"url\":\"https:\/\/visitzirovnica.si\/wp-content\/uploads\/2022\/12\/Cerkev-Sv-Marka-kolesarastvo-Jost_Gantar.jpg\",\"contentUrl\":\"https:\/\/visitzirovnica.si\/wp-content\/uploads\/2022\/12\/Cerkev-Sv-Marka-kolesarastvo-Jost_Gantar.jpg\",\"width\":1000,\"height\":667},{\"@type\":\"BreadcrumbList\",\"@id\":\"https:\/\/visitzirovnica.si\/en\/cycling-routes-in-zirovnica\/#breadcrumb\",\"itemListElement\":[{\"@type\":\"ListItem\",\"position\":1,\"name\":\"Home\",\"item\":\"http:\/\/visitzirovnica.si\/en\/\"},{\"@type\":\"ListItem\",\"position\":2,\"name\":\"Cycling Routes in \u017dirovnica\"}]},{\"@type\":\"WebSite\",\"@id\":\"http:\/\/visitzirovnica.si\/en\/#website\",\"url\":\"http:\/\/visitzirovnica.si\/en\/\",\"name\":\"\u017dirovnica\",\"description\":\"Zavod za turizem in kulturo \u017dirovnica\",\"publisher\":{\"@id\":\"http:\/\/visitzirovnica.si\/en\/#organization\"},\"potentialAction\":[{\"@type\":\"SearchAction\",\"target\":{\"@type\":\"EntryPoint\",\"urlTemplate\":\"http:\/\/visitzirovnica.si\/en\/?s={search_term_string}\"},\"query-input\":{\"@type\":\"PropertyValueSpecification\",\"valueRequired\":true,\"valueName\":\"search_term_string\"}}],\"inLanguage\":\"en-US\"},{\"@type\":\"Organization\",\"@id\":\"http:\/\/visitzirovnica.si\/en\/#organization\",\"name\":\"Zavod za turizem in kulturo \u017dirovnica\",\"url\":\"http:\/\/visitzirovnica.si\/en\/\",\"logo\":{\"@type\":\"ImageObject\",\"inLanguage\":\"en-US\",\"@id\":\"http:\/\/visitzirovnica.si\/en\/#\/schema\/logo\/image\/\",\"url\":\"https:\/\/visitzirovnica.si\/wp-content\/uploads\/2017\/02\/zirovnica_logo_rjav.jpg\",\"contentUrl\":\"https:\/\/visitzirovnica.si\/wp-content\/uploads\/2017\/02\/zirovnica_logo_rjav.jpg\",\"width\":400,\"height\":100,\"caption\":\"Zavod za turizem in kulturo \u017dirovnica\"},\"image\":{\"@id\":\"http:\/\/visitzirovnica.si\/en\/#\/schema\/logo\/image\/\"},\"sameAs\":[\"https:\/\/www.facebook.com\/TurizemZirovnica\/\",\"https:\/\/www.instagram.com\/visitzirovnica\/\"]}]}<\/script>\n<!-- \/ Yoast SEO plugin. -->","yoast_head_json":{"title":"Cycling Routes in \u017dirovnica - \u017dirovnica","description":"A selection of the most beautiful cycle routes in \u017dirovnica - Julian Alps - Karavanke - Visit \u017dirovnica - Bike routes - Plan, track and save cycling routes","robots":{"index":"index","follow":"follow","max-snippet":"max-snippet:-1","max-image-preview":"max-image-preview:large","max-video-preview":"max-video-preview:-1"},"canonical":"https:\/\/visitzirovnica.si\/en\/cycling-routes-in-zirovnica\/","og_locale":"en_US","og_type":"article","og_title":"Cycling Routes in \u017dirovnica - \u017dirovnica","og_description":"A selection of the most beautiful cycle routes in \u017dirovnica - Julian Alps - Karavanke - Visit \u017dirovnica - Bike routes - Plan, track and save cycling routes","og_url":"https:\/\/visitzirovnica.si\/en\/cycling-routes-in-zirovnica\/","og_site_name":"\u017dirovnica","article_publisher":"https:\/\/www.facebook.com\/TurizemZirovnica\/","og_image":[{"width":1000,"height":667,"url":"https:\/\/visitzirovnica.si\/wp-content\/uploads\/2022\/12\/Cerkev-Sv-Marka-kolesarastvo-Jost_Gantar.jpg","type":"image\/jpeg"}],"twitter_card":"summary_large_image","schema":{"@context":"https:\/\/schema.org","@graph":[{"@type":"WebPage","@id":"https:\/\/visitzirovnica.si\/en\/cycling-routes-in-zirovnica\/","url":"https:\/\/visitzirovnica.si\/en\/cycling-routes-in-zirovnica\/","name":"Cycling Routes in \u017dirovnica - \u017dirovnica","isPartOf":{"@id":"http:\/\/visitzirovnica.si\/en\/#website"},"primaryImageOfPage":{"@id":"https:\/\/visitzirovnica.si\/en\/cycling-routes-in-zirovnica\/#primaryimage"},"image":{"@id":"https:\/\/visitzirovnica.si\/en\/cycling-routes-in-zirovnica\/#primaryimage"},"thumbnailUrl":"https:\/\/visitzirovnica.si\/wp-content\/uploads\/2022\/12\/Cerkev-Sv-Marka-kolesarastvo-Jost_Gantar.jpg","datePublished":"2023-02-22T10:14:56+00:00","description":"A selection of the most beautiful cycle routes in \u017dirovnica - Julian Alps - Karavanke - Visit \u017dirovnica - Bike routes - Plan, track and save cycling routes","breadcrumb":{"@id":"https:\/\/visitzirovnica.si\/en\/cycling-routes-in-zirovnica\/#breadcrumb"},"inLanguage":"en-US","potentialAction":[{"@type":"ReadAction","target":["https:\/\/visitzirovnica.si\/en\/cycling-routes-in-zirovnica\/"]}]},{"@type":"ImageObject","inLanguage":"en-US","@id":"https:\/\/visitzirovnica.si\/en\/cycling-routes-in-zirovnica\/#primaryimage","url":"https:\/\/visitzirovnica.si\/wp-content\/uploads\/2022\/12\/Cerkev-Sv-Marka-kolesarastvo-Jost_Gantar.jpg","contentUrl":"https:\/\/visitzirovnica.si\/wp-content\/uploads\/2022\/12\/Cerkev-Sv-Marka-kolesarastvo-Jost_Gantar.jpg","width":1000,"height":667},{"@type":"BreadcrumbList","@id":"https:\/\/visitzirovnica.si\/en\/cycling-routes-in-zirovnica\/#breadcrumb","itemListElement":[{"@type":"ListItem","position":1,"name":"Home","item":"http:\/\/visitzirovnica.si\/en\/"},{"@type":"ListItem","position":2,"name":"Cycling Routes in \u017dirovnica"}]},{"@type":"WebSite","@id":"http:\/\/visitzirovnica.si\/en\/#website","url":"http:\/\/visitzirovnica.si\/en\/","name":"\u017dirovnica","description":"Zavod za turizem in kulturo \u017dirovnica","publisher":{"@id":"http:\/\/visitzirovnica.si\/en\/#organization"},"potentialAction":[{"@type":"SearchAction","target":{"@type":"EntryPoint","urlTemplate":"http:\/\/visitzirovnica.si\/en\/?s={search_term_string}"},"query-input":{"@type":"PropertyValueSpecification","valueRequired":true,"valueName":"search_term_string"}}],"inLanguage":"en-US"},{"@type":"Organization","@id":"http:\/\/visitzirovnica.si\/en\/#organization","name":"Zavod za turizem in kulturo \u017dirovnica","url":"http:\/\/visitzirovnica.si\/en\/","logo":{"@type":"ImageObject","inLanguage":"en-US","@id":"http:\/\/visitzirovnica.si\/en\/#\/schema\/logo\/image\/","url":"https:\/\/visitzirovnica.si\/wp-content\/uploads\/2017\/02\/zirovnica_logo_rjav.jpg","contentUrl":"https:\/\/visitzirovnica.si\/wp-content\/uploads\/2017\/02\/zirovnica_logo_rjav.jpg","width":400,"height":100,"caption":"Zavod za turizem in kulturo \u017dirovnica"},"image":{"@id":"http:\/\/visitzirovnica.si\/en\/#\/schema\/logo\/image\/"},"sameAs":["https:\/\/www.facebook.com\/TurizemZirovnica\/","https:\/\/www.instagram.com\/visitzirovnica\/"]}]}},"_links":{"self":[{"href":"https:\/\/visitzirovnica.si\/en\/wp-json\/wp\/v2\/pages\/6306","targetHints":{"allow":["GET"]}}],"collection":[{"href":"https:\/\/visitzirovnica.si\/en\/wp-json\/wp\/v2\/pages"}],"about":[{"href":"https:\/\/visitzirovnica.si\/en\/wp-json\/wp\/v2\/types\/page"}],"author":[{"embeddable":true,"href":"https:\/\/visitzirovnica.si\/en\/wp-json\/wp\/v2\/users\/10"}],"replies":[{"embeddable":true,"href":"https:\/\/visitzirovnica.si\/en\/wp-json\/wp\/v2\/comments?post=6306"}],"version-history":[{"count":0,"href":"https:\/\/visitzirovnica.si\/en\/wp-json\/wp\/v2\/pages\/6306\/revisions"}],"wp:featuredmedia":[{"embeddable":true,"href":"https:\/\/visitzirovnica.si\/en\/wp-json\/wp\/v2\/media\/6077"}],"wp:attachment":[{"href":"https:\/\/visitzirovnica.si\/en\/wp-json\/wp\/v2\/media?parent=6306"}],"curies":[{"name":"wp","href":"https:\/\/api.w.org\/{rel}","templated":true}]}}