{"id":4107,"date":"2020-02-03T19:50:06","date_gmt":"2020-02-03T17:50:06","guid":{"rendered":"https:\/\/visitzirovnica.si\/?page_id=4107"},"modified":"2020-03-05T16:44:25","modified_gmt":"2020-03-05T14:44:25","slug":"france-preseren","status":"publish","type":"page","link":"https:\/\/visitzirovnica.si\/en\/france-preseren\/","title":{"rendered":"France Pre\u0161eren"},"content":{"rendered":"","protected":false},"excerpt":{"rendered":"","protected":false},"author":10,"featured_media":4629,"parent":0,"menu_order":0,"comment_status":"closed","ping_status":"closed","template":"","meta":{"_acf_changed":false,"footnotes":""},"class_list":["post-4107","page","type-page","status-publish","has-post-thumbnail","hentry"],"acf":[],"yoast_head":"<!-- This site is optimized with the Yoast SEO plugin v24.6 - https:\/\/yoast.com\/wordpress\/plugins\/seo\/ -->\n<title>France Pre\u0161eren - \u017dirovnica<\/title>\n<meta name=\"description\" content=\"France Pre\u0161eren was born on 3 December 1800 in the Upper Carniolan village of Vrba. Pre\u0161eren&#039;s Birth House is part of \u017dirovnica Cultural Heritage Path.\" \/>\n<meta name=\"robots\" content=\"index, follow, max-snippet:-1, max-image-preview:large, max-video-preview:-1\" \/>\n<link rel=\"canonical\" href=\"http:\/\/visitzirovnica.si\/en\/france-preseren\/\" \/>\n<meta property=\"og:locale\" content=\"en_US\" \/>\n<meta property=\"og:type\" content=\"article\" \/>\n<meta property=\"og:title\" content=\"France Pre\u0161eren - \u017dirovnica\" \/>\n<meta property=\"og:description\" content=\"France Pre\u0161eren was born on 3 December 1800 in the Upper Carniolan village of Vrba. Pre\u0161eren&#039;s Birth House is part of \u017dirovnica Cultural Heritage Path.\" \/>\n<meta property=\"og:url\" content=\"http:\/\/visitzirovnica.si\/en\/france-preseren\/\" \/>\n<meta property=\"og:site_name\" content=\"\u017dirovnica\" \/>\n<meta property=\"article:publisher\" content=\"https:\/\/www.facebook.com\/TurizemZirovnica\/\" \/>\n<meta property=\"article:modified_time\" content=\"2020-03-05T14:44:25+00:00\" \/>\n<meta property=\"og:image\" content=\"http:\/\/visitzirovnica.si\/wp-content\/uploads\/2020\/08\/00preseren_jpg.jpg\" \/>\n\t<meta property=\"og:image:width\" content=\"1133\" \/>\n\t<meta property=\"og:image:height\" content=\"1748\" \/>\n\t<meta property=\"og:image:type\" content=\"image\/jpeg\" \/>\n<meta name=\"twitter:card\" content=\"summary_large_image\" \/>\n<script type=\"application\/ld+json\" class=\"yoast-schema-graph\">{\"@context\":\"https:\/\/schema.org\",\"@graph\":[{\"@type\":\"WebPage\",\"@id\":\"http:\/\/visitzirovnica.si\/en\/france-preseren\/\",\"url\":\"http:\/\/visitzirovnica.si\/en\/france-preseren\/\",\"name\":\"France Pre\u0161eren - \u017dirovnica\",\"isPartOf\":{\"@id\":\"http:\/\/visitzirovnica.si\/en\/#website\"},\"primaryImageOfPage\":{\"@id\":\"http:\/\/visitzirovnica.si\/en\/france-preseren\/#primaryimage\"},\"image\":{\"@id\":\"http:\/\/visitzirovnica.si\/en\/france-preseren\/#primaryimage\"},\"thumbnailUrl\":\"https:\/\/visitzirovnica.si\/wp-content\/uploads\/2020\/08\/00preseren_jpg.jpg\",\"datePublished\":\"2020-02-03T17:50:06+00:00\",\"dateModified\":\"2020-03-05T14:44:25+00:00\",\"description\":\"France Pre\u0161eren was born on 3 December 1800 in the Upper Carniolan village of Vrba. Pre\u0161eren's Birth House is part of \u017dirovnica Cultural Heritage Path.\",\"breadcrumb\":{\"@id\":\"http:\/\/visitzirovnica.si\/en\/france-preseren\/#breadcrumb\"},\"inLanguage\":\"en-US\",\"potentialAction\":[{\"@type\":\"ReadAction\",\"target\":[\"http:\/\/visitzirovnica.si\/en\/france-preseren\/\"]}]},{\"@type\":\"ImageObject\",\"inLanguage\":\"en-US\",\"@id\":\"http:\/\/visitzirovnica.si\/en\/france-preseren\/#primaryimage\",\"url\":\"https:\/\/visitzirovnica.si\/wp-content\/uploads\/2020\/08\/00preseren_jpg.jpg\",\"contentUrl\":\"https:\/\/visitzirovnica.si\/wp-content\/uploads\/2020\/08\/00preseren_jpg.jpg\",\"width\":1133,\"height\":1748},{\"@type\":\"BreadcrumbList\",\"@id\":\"http:\/\/visitzirovnica.si\/en\/france-preseren\/#breadcrumb\",\"itemListElement\":[{\"@type\":\"ListItem\",\"position\":1,\"name\":\"Home\",\"item\":\"http:\/\/visitzirovnica.si\/en\/\"},{\"@type\":\"ListItem\",\"position\":2,\"name\":\"France Pre\u0161eren\"}]},{\"@type\":\"WebSite\",\"@id\":\"http:\/\/visitzirovnica.si\/en\/#website\",\"url\":\"http:\/\/visitzirovnica.si\/en\/\",\"name\":\"\u017dirovnica\",\"description\":\"Zavod za turizem in kulturo \u017dirovnica\",\"publisher\":{\"@id\":\"http:\/\/visitzirovnica.si\/en\/#organization\"},\"potentialAction\":[{\"@type\":\"SearchAction\",\"target\":{\"@type\":\"EntryPoint\",\"urlTemplate\":\"http:\/\/visitzirovnica.si\/en\/?s={search_term_string}\"},\"query-input\":{\"@type\":\"PropertyValueSpecification\",\"valueRequired\":true,\"valueName\":\"search_term_string\"}}],\"inLanguage\":\"en-US\"},{\"@type\":\"Organization\",\"@id\":\"http:\/\/visitzirovnica.si\/en\/#organization\",\"name\":\"Zavod za turizem in kulturo \u017dirovnica\",\"url\":\"http:\/\/visitzirovnica.si\/en\/\",\"logo\":{\"@type\":\"ImageObject\",\"inLanguage\":\"en-US\",\"@id\":\"http:\/\/visitzirovnica.si\/en\/#\/schema\/logo\/image\/\",\"url\":\"https:\/\/visitzirovnica.si\/wp-content\/uploads\/2017\/02\/zirovnica_logo_rjav.jpg\",\"contentUrl\":\"https:\/\/visitzirovnica.si\/wp-content\/uploads\/2017\/02\/zirovnica_logo_rjav.jpg\",\"width\":400,\"height\":100,\"caption\":\"Zavod za turizem in kulturo \u017dirovnica\"},\"image\":{\"@id\":\"http:\/\/visitzirovnica.si\/en\/#\/schema\/logo\/image\/\"},\"sameAs\":[\"https:\/\/www.facebook.com\/TurizemZirovnica\/\",\"https:\/\/www.instagram.com\/visitzirovnica\/\"]}]}<\/script>\n<!-- \/ Yoast SEO plugin. -->","yoast_head_json":{"title":"France Pre\u0161eren - \u017dirovnica","description":"France Pre\u0161eren was born on 3 December 1800 in the Upper Carniolan village of Vrba. Pre\u0161eren's Birth House is part of \u017dirovnica Cultural Heritage Path.","robots":{"index":"index","follow":"follow","max-snippet":"max-snippet:-1","max-image-preview":"max-image-preview:large","max-video-preview":"max-video-preview:-1"},"canonical":"http:\/\/visitzirovnica.si\/en\/france-preseren\/","og_locale":"en_US","og_type":"article","og_title":"France Pre\u0161eren - \u017dirovnica","og_description":"France Pre\u0161eren was born on 3 December 1800 in the Upper Carniolan village of Vrba. Pre\u0161eren's Birth House is part of \u017dirovnica Cultural Heritage Path.","og_url":"http:\/\/visitzirovnica.si\/en\/france-preseren\/","og_site_name":"\u017dirovnica","article_publisher":"https:\/\/www.facebook.com\/TurizemZirovnica\/","article_modified_time":"2020-03-05T14:44:25+00:00","og_image":[{"width":1133,"height":1748,"url":"http:\/\/visitzirovnica.si\/wp-content\/uploads\/2020\/08\/00preseren_jpg.jpg","type":"image\/jpeg"}],"twitter_card":"summary_large_image","schema":{"@context":"https:\/\/schema.org","@graph":[{"@type":"WebPage","@id":"http:\/\/visitzirovnica.si\/en\/france-preseren\/","url":"http:\/\/visitzirovnica.si\/en\/france-preseren\/","name":"France Pre\u0161eren - \u017dirovnica","isPartOf":{"@id":"http:\/\/visitzirovnica.si\/en\/#website"},"primaryImageOfPage":{"@id":"http:\/\/visitzirovnica.si\/en\/france-preseren\/#primaryimage"},"image":{"@id":"http:\/\/visitzirovnica.si\/en\/france-preseren\/#primaryimage"},"thumbnailUrl":"https:\/\/visitzirovnica.si\/wp-content\/uploads\/2020\/08\/00preseren_jpg.jpg","datePublished":"2020-02-03T17:50:06+00:00","dateModified":"2020-03-05T14:44:25+00:00","description":"France Pre\u0161eren was born on 3 December 1800 in the Upper Carniolan village of Vrba. Pre\u0161eren's Birth House is part of \u017dirovnica Cultural Heritage Path.","breadcrumb":{"@id":"http:\/\/visitzirovnica.si\/en\/france-preseren\/#breadcrumb"},"inLanguage":"en-US","potentialAction":[{"@type":"ReadAction","target":["http:\/\/visitzirovnica.si\/en\/france-preseren\/"]}]},{"@type":"ImageObject","inLanguage":"en-US","@id":"http:\/\/visitzirovnica.si\/en\/france-preseren\/#primaryimage","url":"https:\/\/visitzirovnica.si\/wp-content\/uploads\/2020\/08\/00preseren_jpg.jpg","contentUrl":"https:\/\/visitzirovnica.si\/wp-content\/uploads\/2020\/08\/00preseren_jpg.jpg","width":1133,"height":1748},{"@type":"BreadcrumbList","@id":"http:\/\/visitzirovnica.si\/en\/france-preseren\/#breadcrumb","itemListElement":[{"@type":"ListItem","position":1,"name":"Home","item":"http:\/\/visitzirovnica.si\/en\/"},{"@type":"ListItem","position":2,"name":"France Pre\u0161eren"}]},{"@type":"WebSite","@id":"http:\/\/visitzirovnica.si\/en\/#website","url":"http:\/\/visitzirovnica.si\/en\/","name":"\u017dirovnica","description":"Zavod za turizem in kulturo \u017dirovnica","publisher":{"@id":"http:\/\/visitzirovnica.si\/en\/#organization"},"potentialAction":[{"@type":"SearchAction","target":{"@type":"EntryPoint","urlTemplate":"http:\/\/visitzirovnica.si\/en\/?s={search_term_string}"},"query-input":{"@type":"PropertyValueSpecification","valueRequired":true,"valueName":"search_term_string"}}],"inLanguage":"en-US"},{"@type":"Organization","@id":"http:\/\/visitzirovnica.si\/en\/#organization","name":"Zavod za turizem in kulturo \u017dirovnica","url":"http:\/\/visitzirovnica.si\/en\/","logo":{"@type":"ImageObject","inLanguage":"en-US","@id":"http:\/\/visitzirovnica.si\/en\/#\/schema\/logo\/image\/","url":"https:\/\/visitzirovnica.si\/wp-content\/uploads\/2017\/02\/zirovnica_logo_rjav.jpg","contentUrl":"https:\/\/visitzirovnica.si\/wp-content\/uploads\/2017\/02\/zirovnica_logo_rjav.jpg","width":400,"height":100,"caption":"Zavod za turizem in kulturo \u017dirovnica"},"image":{"@id":"http:\/\/visitzirovnica.si\/en\/#\/schema\/logo\/image\/"},"sameAs":["https:\/\/www.facebook.com\/TurizemZirovnica\/","https:\/\/www.instagram.com\/visitzirovnica\/"]}]}},"_links":{"self":[{"href":"https:\/\/visitzirovnica.si\/en\/wp-json\/wp\/v2\/pages\/4107","targetHints":{"allow":["GET"]}}],"collection":[{"href":"https:\/\/visitzirovnica.si\/en\/wp-json\/wp\/v2\/pages"}],"about":[{"href":"https:\/\/visitzirovnica.si\/en\/wp-json\/wp\/v2\/types\/page"}],"author":[{"embeddable":true,"href":"https:\/\/visitzirovnica.si\/en\/wp-json\/wp\/v2\/users\/10"}],"replies":[{"embeddable":true,"href":"https:\/\/visitzirovnica.si\/en\/wp-json\/wp\/v2\/comments?post=4107"}],"version-history":[{"count":0,"href":"https:\/\/visitzirovnica.si\/en\/wp-json\/wp\/v2\/pages\/4107\/revisions"}],"wp:featuredmedia":[{"embeddable":true,"href":"https:\/\/visitzirovnica.si\/en\/wp-json\/wp\/v2\/media\/4629"}],"wp:attachment":[{"href":"https:\/\/visitzirovnica.si\/en\/wp-json\/wp\/v2\/media?parent=4107"}],"curies":[{"name":"wp","href":"https:\/\/api.w.org\/{rel}","templated":true}]}}