{"id":4086,"date":"2020-02-02T15:07:35","date_gmt":"2020-02-02T13:07:35","guid":{"rendered":"https:\/\/visitzirovnica.si\/?page_id=4086"},"modified":"2025-10-06T13:14:19","modified_gmt":"2025-10-06T11:14:19","slug":"finzgar-birthhouse-doslovce","status":"publish","type":"page","link":"https:\/\/visitzirovnica.si\/en\/finzgar-birthhouse-doslovce\/","title":{"rendered":"Fin\u017egar\u2019s birth house in Doslov\u010de"},"content":{"rendered":"","protected":false},"excerpt":{"rendered":"","protected":false},"author":10,"featured_media":5291,"parent":0,"menu_order":0,"comment_status":"closed","ping_status":"closed","template":"classic-page.php","meta":{"_acf_changed":true,"footnotes":""},"class_list":["post-4086","page","type-page","status-publish","has-post-thumbnail","hentry"],"acf":[],"yoast_head":"<!-- This site is optimized with the Yoast SEO plugin v24.6 - https:\/\/yoast.com\/wordpress\/plugins\/seo\/ -->\n<title>Fin\u017egar\u2019s birth house in Doslov\u010de - \u017dirovnica<\/title>\n<meta name=\"description\" content=\"Fin\u017egar&#039;s birth house (House-Museum), the cottage, together with a hayrack and barn, is an open-air museum that represents the lifestyle of poor farmers.\" \/>\n<meta name=\"robots\" content=\"index, follow, max-snippet:-1, max-image-preview:large, max-video-preview:-1\" \/>\n<link rel=\"canonical\" href=\"https:\/\/visitzirovnica.si\/en\/finzgar-birthhouse-doslovce\/\" \/>\n<meta property=\"og:locale\" content=\"en_US\" \/>\n<meta property=\"og:type\" content=\"article\" \/>\n<meta property=\"og:title\" content=\"Fin\u017egar\u2019s birth house in Doslov\u010de - \u017dirovnica\" \/>\n<meta property=\"og:description\" content=\"Fin\u017egar&#039;s birth house (House-Museum), the cottage, together with a hayrack and barn, is an open-air museum that represents the lifestyle of poor farmers.\" \/>\n<meta property=\"og:url\" content=\"https:\/\/visitzirovnica.si\/en\/finzgar-birthhouse-doslovce\/\" \/>\n<meta property=\"og:site_name\" content=\"\u017dirovnica\" \/>\n<meta property=\"article:publisher\" content=\"https:\/\/www.facebook.com\/TurizemZirovnica\/\" \/>\n<meta property=\"article:modified_time\" content=\"2025-10-06T11:14:19+00:00\" \/>\n<meta property=\"og:image\" content=\"https:\/\/visitzirovnica.si\/wp-content\/uploads\/2021\/06\/FRH-maj-2020-Petra-Kr\u017ean.jpg\" \/>\n\t<meta property=\"og:image:width\" content=\"1600\" \/>\n\t<meta property=\"og:image:height\" content=\"777\" \/>\n\t<meta property=\"og:image:type\" content=\"image\/jpeg\" \/>\n<meta name=\"twitter:card\" content=\"summary_large_image\" \/>\n<meta name=\"twitter:label1\" content=\"Est. reading time\" \/>\n\t<meta name=\"twitter:data1\" content=\"1 minute\" \/>\n<script type=\"application\/ld+json\" class=\"yoast-schema-graph\">{\"@context\":\"https:\/\/schema.org\",\"@graph\":[{\"@type\":\"WebPage\",\"@id\":\"https:\/\/visitzirovnica.si\/en\/finzgar-birthhouse-doslovce\/\",\"url\":\"https:\/\/visitzirovnica.si\/en\/finzgar-birthhouse-doslovce\/\",\"name\":\"Fin\u017egar\u2019s birth house in Doslov\u010de - \u017dirovnica\",\"isPartOf\":{\"@id\":\"https:\/\/visitzirovnica.si\/#website\"},\"primaryImageOfPage\":{\"@id\":\"https:\/\/visitzirovnica.si\/en\/finzgar-birthhouse-doslovce\/#primaryimage\"},\"image\":{\"@id\":\"https:\/\/visitzirovnica.si\/en\/finzgar-birthhouse-doslovce\/#primaryimage\"},\"thumbnailUrl\":\"https:\/\/visitzirovnica.si\/wp-content\/uploads\/2021\/06\/FRH-maj-2020-Petra-Kr\u017ean.jpg\",\"datePublished\":\"2020-02-02T13:07:35+00:00\",\"dateModified\":\"2025-10-06T11:14:19+00:00\",\"description\":\"Fin\u017egar's birth house (House-Museum), the cottage, together with a hayrack and barn, is an open-air museum that represents the lifestyle of poor farmers.\",\"breadcrumb\":{\"@id\":\"https:\/\/visitzirovnica.si\/en\/finzgar-birthhouse-doslovce\/#breadcrumb\"},\"inLanguage\":\"en-US\",\"potentialAction\":[{\"@type\":\"ReadAction\",\"target\":[\"https:\/\/visitzirovnica.si\/en\/finzgar-birthhouse-doslovce\/\"]}]},{\"@type\":\"ImageObject\",\"inLanguage\":\"en-US\",\"@id\":\"https:\/\/visitzirovnica.si\/en\/finzgar-birthhouse-doslovce\/#primaryimage\",\"url\":\"https:\/\/visitzirovnica.si\/wp-content\/uploads\/2021\/06\/FRH-maj-2020-Petra-Kr\u017ean.jpg\",\"contentUrl\":\"https:\/\/visitzirovnica.si\/wp-content\/uploads\/2021\/06\/FRH-maj-2020-Petra-Kr\u017ean.jpg\",\"width\":1600,\"height\":777},{\"@type\":\"BreadcrumbList\",\"@id\":\"https:\/\/visitzirovnica.si\/en\/finzgar-birthhouse-doslovce\/#breadcrumb\",\"itemListElement\":[{\"@type\":\"ListItem\",\"position\":1,\"name\":\"Home\",\"item\":\"https:\/\/visitzirovnica.si\/en\/\"},{\"@type\":\"ListItem\",\"position\":2,\"name\":\"Fin\u017egar\u2019s birth house in Doslov\u010de\"}]},{\"@type\":\"WebSite\",\"@id\":\"https:\/\/visitzirovnica.si\/#website\",\"url\":\"https:\/\/visitzirovnica.si\/\",\"name\":\"\u017dirovnica\",\"description\":\"Zavod za turizem in kulturo \u017dirovnica\",\"publisher\":{\"@id\":\"https:\/\/visitzirovnica.si\/#organization\"},\"potentialAction\":[{\"@type\":\"SearchAction\",\"target\":{\"@type\":\"EntryPoint\",\"urlTemplate\":\"https:\/\/visitzirovnica.si\/?s={search_term_string}\"},\"query-input\":{\"@type\":\"PropertyValueSpecification\",\"valueRequired\":true,\"valueName\":\"search_term_string\"}}],\"inLanguage\":\"en-US\"},{\"@type\":\"Organization\",\"@id\":\"https:\/\/visitzirovnica.si\/#organization\",\"name\":\"Zavod za turizem in kulturo \u017dirovnica\",\"url\":\"https:\/\/visitzirovnica.si\/\",\"logo\":{\"@type\":\"ImageObject\",\"inLanguage\":\"en-US\",\"@id\":\"https:\/\/visitzirovnica.si\/#\/schema\/logo\/image\/\",\"url\":\"https:\/\/visitzirovnica.si\/wp-content\/uploads\/2017\/02\/zirovnica_logo_rjav.jpg\",\"contentUrl\":\"https:\/\/visitzirovnica.si\/wp-content\/uploads\/2017\/02\/zirovnica_logo_rjav.jpg\",\"width\":400,\"height\":100,\"caption\":\"Zavod za turizem in kulturo \u017dirovnica\"},\"image\":{\"@id\":\"https:\/\/visitzirovnica.si\/#\/schema\/logo\/image\/\"},\"sameAs\":[\"https:\/\/www.facebook.com\/TurizemZirovnica\/\",\"https:\/\/www.instagram.com\/visitzirovnica\/\"]}]}<\/script>\n<!-- \/ Yoast SEO plugin. -->","yoast_head_json":{"title":"Fin\u017egar\u2019s birth house in Doslov\u010de - \u017dirovnica","description":"Fin\u017egar's birth house (House-Museum), the cottage, together with a hayrack and barn, is an open-air museum that represents the lifestyle of poor farmers.","robots":{"index":"index","follow":"follow","max-snippet":"max-snippet:-1","max-image-preview":"max-image-preview:large","max-video-preview":"max-video-preview:-1"},"canonical":"https:\/\/visitzirovnica.si\/en\/finzgar-birthhouse-doslovce\/","og_locale":"en_US","og_type":"article","og_title":"Fin\u017egar\u2019s birth house in Doslov\u010de - \u017dirovnica","og_description":"Fin\u017egar's birth house (House-Museum), the cottage, together with a hayrack and barn, is an open-air museum that represents the lifestyle of poor farmers.","og_url":"https:\/\/visitzirovnica.si\/en\/finzgar-birthhouse-doslovce\/","og_site_name":"\u017dirovnica","article_publisher":"https:\/\/www.facebook.com\/TurizemZirovnica\/","article_modified_time":"2025-10-06T11:14:19+00:00","og_image":[{"width":1600,"height":777,"url":"https:\/\/visitzirovnica.si\/wp-content\/uploads\/2021\/06\/FRH-maj-2020-Petra-Kr\u017ean.jpg","type":"image\/jpeg"}],"twitter_card":"summary_large_image","twitter_misc":{"Est. reading time":"1 minute"},"schema":{"@context":"https:\/\/schema.org","@graph":[{"@type":"WebPage","@id":"https:\/\/visitzirovnica.si\/en\/finzgar-birthhouse-doslovce\/","url":"https:\/\/visitzirovnica.si\/en\/finzgar-birthhouse-doslovce\/","name":"Fin\u017egar\u2019s birth house in Doslov\u010de - \u017dirovnica","isPartOf":{"@id":"https:\/\/visitzirovnica.si\/#website"},"primaryImageOfPage":{"@id":"https:\/\/visitzirovnica.si\/en\/finzgar-birthhouse-doslovce\/#primaryimage"},"image":{"@id":"https:\/\/visitzirovnica.si\/en\/finzgar-birthhouse-doslovce\/#primaryimage"},"thumbnailUrl":"https:\/\/visitzirovnica.si\/wp-content\/uploads\/2021\/06\/FRH-maj-2020-Petra-Kr\u017ean.jpg","datePublished":"2020-02-02T13:07:35+00:00","dateModified":"2025-10-06T11:14:19+00:00","description":"Fin\u017egar's birth house (House-Museum), the cottage, together with a hayrack and barn, is an open-air museum that represents the lifestyle of poor farmers.","breadcrumb":{"@id":"https:\/\/visitzirovnica.si\/en\/finzgar-birthhouse-doslovce\/#breadcrumb"},"inLanguage":"en-US","potentialAction":[{"@type":"ReadAction","target":["https:\/\/visitzirovnica.si\/en\/finzgar-birthhouse-doslovce\/"]}]},{"@type":"ImageObject","inLanguage":"en-US","@id":"https:\/\/visitzirovnica.si\/en\/finzgar-birthhouse-doslovce\/#primaryimage","url":"https:\/\/visitzirovnica.si\/wp-content\/uploads\/2021\/06\/FRH-maj-2020-Petra-Kr\u017ean.jpg","contentUrl":"https:\/\/visitzirovnica.si\/wp-content\/uploads\/2021\/06\/FRH-maj-2020-Petra-Kr\u017ean.jpg","width":1600,"height":777},{"@type":"BreadcrumbList","@id":"https:\/\/visitzirovnica.si\/en\/finzgar-birthhouse-doslovce\/#breadcrumb","itemListElement":[{"@type":"ListItem","position":1,"name":"Home","item":"https:\/\/visitzirovnica.si\/en\/"},{"@type":"ListItem","position":2,"name":"Fin\u017egar\u2019s birth house in Doslov\u010de"}]},{"@type":"WebSite","@id":"https:\/\/visitzirovnica.si\/#website","url":"https:\/\/visitzirovnica.si\/","name":"\u017dirovnica","description":"Zavod za turizem in kulturo \u017dirovnica","publisher":{"@id":"https:\/\/visitzirovnica.si\/#organization"},"potentialAction":[{"@type":"SearchAction","target":{"@type":"EntryPoint","urlTemplate":"https:\/\/visitzirovnica.si\/?s={search_term_string}"},"query-input":{"@type":"PropertyValueSpecification","valueRequired":true,"valueName":"search_term_string"}}],"inLanguage":"en-US"},{"@type":"Organization","@id":"https:\/\/visitzirovnica.si\/#organization","name":"Zavod za turizem in kulturo \u017dirovnica","url":"https:\/\/visitzirovnica.si\/","logo":{"@type":"ImageObject","inLanguage":"en-US","@id":"https:\/\/visitzirovnica.si\/#\/schema\/logo\/image\/","url":"https:\/\/visitzirovnica.si\/wp-content\/uploads\/2017\/02\/zirovnica_logo_rjav.jpg","contentUrl":"https:\/\/visitzirovnica.si\/wp-content\/uploads\/2017\/02\/zirovnica_logo_rjav.jpg","width":400,"height":100,"caption":"Zavod za turizem in kulturo \u017dirovnica"},"image":{"@id":"https:\/\/visitzirovnica.si\/#\/schema\/logo\/image\/"},"sameAs":["https:\/\/www.facebook.com\/TurizemZirovnica\/","https:\/\/www.instagram.com\/visitzirovnica\/"]}]}},"_links":{"self":[{"href":"https:\/\/visitzirovnica.si\/en\/wp-json\/wp\/v2\/pages\/4086","targetHints":{"allow":["GET"]}}],"collection":[{"href":"https:\/\/visitzirovnica.si\/en\/wp-json\/wp\/v2\/pages"}],"about":[{"href":"https:\/\/visitzirovnica.si\/en\/wp-json\/wp\/v2\/types\/page"}],"author":[{"embeddable":true,"href":"https:\/\/visitzirovnica.si\/en\/wp-json\/wp\/v2\/users\/10"}],"replies":[{"embeddable":true,"href":"https:\/\/visitzirovnica.si\/en\/wp-json\/wp\/v2\/comments?post=4086"}],"version-history":[{"count":0,"href":"https:\/\/visitzirovnica.si\/en\/wp-json\/wp\/v2\/pages\/4086\/revisions"}],"wp:featuredmedia":[{"embeddable":true,"href":"https:\/\/visitzirovnica.si\/en\/wp-json\/wp\/v2\/media\/5291"}],"wp:attachment":[{"href":"https:\/\/visitzirovnica.si\/en\/wp-json\/wp\/v2\/media?parent=4086"}],"curies":[{"name":"wp","href":"https:\/\/api.w.org\/{rel}","templated":true}]}}