{"id":4074,"date":"2020-02-02T11:50:19","date_gmt":"2020-02-02T09:50:19","guid":{"rendered":"https:\/\/visitzirovnica.si\/?page_id=4074"},"modified":"2025-10-06T13:11:26","modified_gmt":"2025-10-06T11:11:26","slug":"matija-cop-birthouse-zirovnica","status":"publish","type":"page","link":"https:\/\/visitzirovnica.si\/en\/matija-cop-birthouse-zirovnica\/","title":{"rendered":"Matija \u010cop&#8217;s birth house in \u017dirovnica"},"content":{"rendered":"","protected":false},"excerpt":{"rendered":"","protected":false},"author":10,"featured_media":4354,"parent":0,"menu_order":0,"comment_status":"closed","ping_status":"closed","template":"classic-page.php","meta":{"_acf_changed":true,"footnotes":""},"class_list":["post-4074","page","type-page","status-publish","has-post-thumbnail","hentry"],"acf":[],"yoast_head":"<!-- This site is optimized with the Yoast SEO plugin v24.6 - https:\/\/yoast.com\/wordpress\/plugins\/seo\/ -->\n<title>Matija \u010cop&#039;s birth house in \u017dirovnica - \u017dirovnica<\/title>\n<meta name=\"description\" content=\"\u010cop&#039;s birth house (House-Museum) in \u017dirovnica. \u010cop\u2019s birth house in \u017dirovnica is one of the attractions along the \u017dirovnica Path of Cultural Heritage.\" \/>\n<meta name=\"robots\" content=\"index, follow, max-snippet:-1, max-image-preview:large, max-video-preview:-1\" \/>\n<link rel=\"canonical\" href=\"https:\/\/visitzirovnica.si\/en\/matija-cop-birthouse-zirovnica\/\" \/>\n<meta property=\"og:locale\" content=\"en_US\" \/>\n<meta property=\"og:type\" content=\"article\" \/>\n<meta property=\"og:title\" content=\"Matija \u010cop&#039;s birth house in \u017dirovnica - \u017dirovnica\" \/>\n<meta property=\"og:description\" content=\"\u010cop&#039;s birth house (House-Museum) in \u017dirovnica. \u010cop\u2019s birth house in \u017dirovnica is one of the attractions along the \u017dirovnica Path of Cultural Heritage.\" \/>\n<meta property=\"og:url\" content=\"https:\/\/visitzirovnica.si\/en\/matija-cop-birthouse-zirovnica\/\" \/>\n<meta property=\"og:site_name\" content=\"\u017dirovnica\" \/>\n<meta property=\"article:publisher\" content=\"https:\/\/www.facebook.com\/TurizemZirovnica\/\" \/>\n<meta property=\"article:modified_time\" content=\"2025-10-06T11:11:26+00:00\" \/>\n<meta property=\"og:image\" content=\"https:\/\/visitzirovnica.si\/wp-content\/uploads\/2020\/03\/copova-hisa-e1685084816371.png\" \/>\n\t<meta property=\"og:image:width\" content=\"1100\" \/>\n\t<meta property=\"og:image:height\" content=\"253\" \/>\n\t<meta property=\"og:image:type\" content=\"image\/png\" \/>\n<meta name=\"twitter:card\" content=\"summary_large_image\" \/>\n<meta name=\"twitter:label1\" content=\"Est. reading time\" \/>\n\t<meta name=\"twitter:data1\" content=\"1 minute\" \/>\n<script type=\"application\/ld+json\" class=\"yoast-schema-graph\">{\"@context\":\"https:\/\/schema.org\",\"@graph\":[{\"@type\":\"WebPage\",\"@id\":\"https:\/\/visitzirovnica.si\/en\/matija-cop-birthouse-zirovnica\/\",\"url\":\"https:\/\/visitzirovnica.si\/en\/matija-cop-birthouse-zirovnica\/\",\"name\":\"Matija \u010cop's birth house in \u017dirovnica - \u017dirovnica\",\"isPartOf\":{\"@id\":\"http:\/\/visitzirovnica.si\/#website\"},\"primaryImageOfPage\":{\"@id\":\"https:\/\/visitzirovnica.si\/en\/matija-cop-birthouse-zirovnica\/#primaryimage\"},\"image\":{\"@id\":\"https:\/\/visitzirovnica.si\/en\/matija-cop-birthouse-zirovnica\/#primaryimage\"},\"thumbnailUrl\":\"https:\/\/visitzirovnica.si\/wp-content\/uploads\/2020\/03\/copova-hisa-e1685084816371.png\",\"datePublished\":\"2020-02-02T09:50:19+00:00\",\"dateModified\":\"2025-10-06T11:11:26+00:00\",\"description\":\"\u010cop's birth house (House-Museum) in \u017dirovnica. \u010cop\u2019s birth house in \u017dirovnica is one of the attractions along the \u017dirovnica Path of Cultural Heritage.\",\"breadcrumb\":{\"@id\":\"https:\/\/visitzirovnica.si\/en\/matija-cop-birthouse-zirovnica\/#breadcrumb\"},\"inLanguage\":\"en-US\",\"potentialAction\":[{\"@type\":\"ReadAction\",\"target\":[\"https:\/\/visitzirovnica.si\/en\/matija-cop-birthouse-zirovnica\/\"]}]},{\"@type\":\"ImageObject\",\"inLanguage\":\"en-US\",\"@id\":\"https:\/\/visitzirovnica.si\/en\/matija-cop-birthouse-zirovnica\/#primaryimage\",\"url\":\"https:\/\/visitzirovnica.si\/wp-content\/uploads\/2020\/03\/copova-hisa-e1685084816371.png\",\"contentUrl\":\"https:\/\/visitzirovnica.si\/wp-content\/uploads\/2020\/03\/copova-hisa-e1685084816371.png\",\"width\":1100,\"height\":253},{\"@type\":\"BreadcrumbList\",\"@id\":\"https:\/\/visitzirovnica.si\/en\/matija-cop-birthouse-zirovnica\/#breadcrumb\",\"itemListElement\":[{\"@type\":\"ListItem\",\"position\":1,\"name\":\"Home\",\"item\":\"http:\/\/visitzirovnica.si\/\"},{\"@type\":\"ListItem\",\"position\":2,\"name\":\"Matija \u010cop&#8217;s birth house in \u017dirovnica\"}]},{\"@type\":\"WebSite\",\"@id\":\"http:\/\/visitzirovnica.si\/#website\",\"url\":\"http:\/\/visitzirovnica.si\/\",\"name\":\"\u017dirovnica\",\"description\":\"Zavod za turizem in kulturo \u017dirovnica\",\"publisher\":{\"@id\":\"http:\/\/visitzirovnica.si\/#organization\"},\"potentialAction\":[{\"@type\":\"SearchAction\",\"target\":{\"@type\":\"EntryPoint\",\"urlTemplate\":\"http:\/\/visitzirovnica.si\/?s={search_term_string}\"},\"query-input\":{\"@type\":\"PropertyValueSpecification\",\"valueRequired\":true,\"valueName\":\"search_term_string\"}}],\"inLanguage\":\"en-US\"},{\"@type\":\"Organization\",\"@id\":\"http:\/\/visitzirovnica.si\/#organization\",\"name\":\"Zavod za turizem in kulturo \u017dirovnica\",\"url\":\"http:\/\/visitzirovnica.si\/\",\"logo\":{\"@type\":\"ImageObject\",\"inLanguage\":\"en-US\",\"@id\":\"http:\/\/visitzirovnica.si\/#\/schema\/logo\/image\/\",\"url\":\"https:\/\/visitzirovnica.si\/wp-content\/uploads\/2017\/02\/zirovnica_logo_rjav.jpg\",\"contentUrl\":\"https:\/\/visitzirovnica.si\/wp-content\/uploads\/2017\/02\/zirovnica_logo_rjav.jpg\",\"width\":400,\"height\":100,\"caption\":\"Zavod za turizem in kulturo \u017dirovnica\"},\"image\":{\"@id\":\"http:\/\/visitzirovnica.si\/#\/schema\/logo\/image\/\"},\"sameAs\":[\"https:\/\/www.facebook.com\/TurizemZirovnica\/\",\"https:\/\/www.instagram.com\/visitzirovnica\/\"]}]}<\/script>\n<!-- \/ Yoast SEO plugin. -->","yoast_head_json":{"title":"Matija \u010cop's birth house in \u017dirovnica - \u017dirovnica","description":"\u010cop's birth house (House-Museum) in \u017dirovnica. \u010cop\u2019s birth house in \u017dirovnica is one of the attractions along the \u017dirovnica Path of Cultural Heritage.","robots":{"index":"index","follow":"follow","max-snippet":"max-snippet:-1","max-image-preview":"max-image-preview:large","max-video-preview":"max-video-preview:-1"},"canonical":"https:\/\/visitzirovnica.si\/en\/matija-cop-birthouse-zirovnica\/","og_locale":"en_US","og_type":"article","og_title":"Matija \u010cop's birth house in \u017dirovnica - \u017dirovnica","og_description":"\u010cop's birth house (House-Museum) in \u017dirovnica. \u010cop\u2019s birth house in \u017dirovnica is one of the attractions along the \u017dirovnica Path of Cultural Heritage.","og_url":"https:\/\/visitzirovnica.si\/en\/matija-cop-birthouse-zirovnica\/","og_site_name":"\u017dirovnica","article_publisher":"https:\/\/www.facebook.com\/TurizemZirovnica\/","article_modified_time":"2025-10-06T11:11:26+00:00","og_image":[{"width":1100,"height":253,"url":"https:\/\/visitzirovnica.si\/wp-content\/uploads\/2020\/03\/copova-hisa-e1685084816371.png","type":"image\/png"}],"twitter_card":"summary_large_image","twitter_misc":{"Est. reading time":"1 minute"},"schema":{"@context":"https:\/\/schema.org","@graph":[{"@type":"WebPage","@id":"https:\/\/visitzirovnica.si\/en\/matija-cop-birthouse-zirovnica\/","url":"https:\/\/visitzirovnica.si\/en\/matija-cop-birthouse-zirovnica\/","name":"Matija \u010cop's birth house in \u017dirovnica - \u017dirovnica","isPartOf":{"@id":"http:\/\/visitzirovnica.si\/#website"},"primaryImageOfPage":{"@id":"https:\/\/visitzirovnica.si\/en\/matija-cop-birthouse-zirovnica\/#primaryimage"},"image":{"@id":"https:\/\/visitzirovnica.si\/en\/matija-cop-birthouse-zirovnica\/#primaryimage"},"thumbnailUrl":"https:\/\/visitzirovnica.si\/wp-content\/uploads\/2020\/03\/copova-hisa-e1685084816371.png","datePublished":"2020-02-02T09:50:19+00:00","dateModified":"2025-10-06T11:11:26+00:00","description":"\u010cop's birth house (House-Museum) in \u017dirovnica. \u010cop\u2019s birth house in \u017dirovnica is one of the attractions along the \u017dirovnica Path of Cultural Heritage.","breadcrumb":{"@id":"https:\/\/visitzirovnica.si\/en\/matija-cop-birthouse-zirovnica\/#breadcrumb"},"inLanguage":"en-US","potentialAction":[{"@type":"ReadAction","target":["https:\/\/visitzirovnica.si\/en\/matija-cop-birthouse-zirovnica\/"]}]},{"@type":"ImageObject","inLanguage":"en-US","@id":"https:\/\/visitzirovnica.si\/en\/matija-cop-birthouse-zirovnica\/#primaryimage","url":"https:\/\/visitzirovnica.si\/wp-content\/uploads\/2020\/03\/copova-hisa-e1685084816371.png","contentUrl":"https:\/\/visitzirovnica.si\/wp-content\/uploads\/2020\/03\/copova-hisa-e1685084816371.png","width":1100,"height":253},{"@type":"BreadcrumbList","@id":"https:\/\/visitzirovnica.si\/en\/matija-cop-birthouse-zirovnica\/#breadcrumb","itemListElement":[{"@type":"ListItem","position":1,"name":"Home","item":"http:\/\/visitzirovnica.si\/"},{"@type":"ListItem","position":2,"name":"Matija \u010cop&#8217;s birth house in \u017dirovnica"}]},{"@type":"WebSite","@id":"http:\/\/visitzirovnica.si\/#website","url":"http:\/\/visitzirovnica.si\/","name":"\u017dirovnica","description":"Zavod za turizem in kulturo \u017dirovnica","publisher":{"@id":"http:\/\/visitzirovnica.si\/#organization"},"potentialAction":[{"@type":"SearchAction","target":{"@type":"EntryPoint","urlTemplate":"http:\/\/visitzirovnica.si\/?s={search_term_string}"},"query-input":{"@type":"PropertyValueSpecification","valueRequired":true,"valueName":"search_term_string"}}],"inLanguage":"en-US"},{"@type":"Organization","@id":"http:\/\/visitzirovnica.si\/#organization","name":"Zavod za turizem in kulturo \u017dirovnica","url":"http:\/\/visitzirovnica.si\/","logo":{"@type":"ImageObject","inLanguage":"en-US","@id":"http:\/\/visitzirovnica.si\/#\/schema\/logo\/image\/","url":"https:\/\/visitzirovnica.si\/wp-content\/uploads\/2017\/02\/zirovnica_logo_rjav.jpg","contentUrl":"https:\/\/visitzirovnica.si\/wp-content\/uploads\/2017\/02\/zirovnica_logo_rjav.jpg","width":400,"height":100,"caption":"Zavod za turizem in kulturo \u017dirovnica"},"image":{"@id":"http:\/\/visitzirovnica.si\/#\/schema\/logo\/image\/"},"sameAs":["https:\/\/www.facebook.com\/TurizemZirovnica\/","https:\/\/www.instagram.com\/visitzirovnica\/"]}]}},"_links":{"self":[{"href":"https:\/\/visitzirovnica.si\/en\/wp-json\/wp\/v2\/pages\/4074","targetHints":{"allow":["GET"]}}],"collection":[{"href":"https:\/\/visitzirovnica.si\/en\/wp-json\/wp\/v2\/pages"}],"about":[{"href":"https:\/\/visitzirovnica.si\/en\/wp-json\/wp\/v2\/types\/page"}],"author":[{"embeddable":true,"href":"https:\/\/visitzirovnica.si\/en\/wp-json\/wp\/v2\/users\/10"}],"replies":[{"embeddable":true,"href":"https:\/\/visitzirovnica.si\/en\/wp-json\/wp\/v2\/comments?post=4074"}],"version-history":[{"count":0,"href":"https:\/\/visitzirovnica.si\/en\/wp-json\/wp\/v2\/pages\/4074\/revisions"}],"wp:featuredmedia":[{"embeddable":true,"href":"https:\/\/visitzirovnica.si\/en\/wp-json\/wp\/v2\/media\/4354"}],"wp:attachment":[{"href":"https:\/\/visitzirovnica.si\/en\/wp-json\/wp\/v2\/media?parent=4074"}],"curies":[{"name":"wp","href":"https:\/\/api.w.org\/{rel}","templated":true}]}}