{"id":1948,"date":"2017-04-07T10:14:55","date_gmt":"2017-04-07T08:14:55","guid":{"rendered":"http:\/\/visitzirovnica.si\/?page_id=1948\/"},"modified":"2019-08-05T15:12:19","modified_gmt":"2019-08-05T13:12:19","slug":"where-to-find-us","status":"publish","type":"page","link":"https:\/\/visitzirovnica.si\/en\/where-to-find-us\/","title":{"rendered":"Where to find us \/ Contact"},"content":{"rendered":"","protected":false},"excerpt":{"rendered":"","protected":false},"author":11,"featured_media":5062,"parent":0,"menu_order":0,"comment_status":"closed","ping_status":"closed","template":"contact.php","meta":{"_acf_changed":false,"footnotes":""},"class_list":["post-1948","page","type-page","status-publish","has-post-thumbnail","hentry"],"acf":[],"yoast_head":"<!-- This site is optimized with the Yoast SEO plugin v24.6 - https:\/\/yoast.com\/wordpress\/plugins\/seo\/ -->\n<title>Where to find us - Visit \u017dirovnica - Vrba - Zavr\u0161nica -Pre\u0161eren&#039;s BirthHouse<\/title>\n<meta name=\"description\" content=\"\u017dirovnica lies in the heart of the Upper Carniola Region (Gorenjska), surrounded by the Karavanke mountains on one side and by the Julian Alps on the other.\" \/>\n<meta name=\"robots\" content=\"index, follow, max-snippet:-1, max-image-preview:large, max-video-preview:-1\" \/>\n<link rel=\"canonical\" href=\"https:\/\/visitzirovnica.si\/en\/where-to-find-us\/\" \/>\n<meta property=\"og:locale\" content=\"en_US\" \/>\n<meta property=\"og:type\" content=\"article\" \/>\n<meta property=\"og:title\" content=\"Where to find us - Visit \u017dirovnica - Vrba - Zavr\u0161nica -Pre\u0161eren&#039;s BirthHouse\" \/>\n<meta property=\"og:description\" content=\"\u017dirovnica lies in the heart of the Upper Carniola Region (Gorenjska), surrounded by the Karavanke mountains on one side and by the Julian Alps on the other.\" \/>\n<meta property=\"og:url\" content=\"https:\/\/visitzirovnica.si\/en\/where-to-find-us\/\" \/>\n<meta property=\"og:site_name\" content=\"\u017dirovnica\" \/>\n<meta property=\"article:publisher\" content=\"https:\/\/www.facebook.com\/TurizemZirovnica\/\" \/>\n<meta property=\"article:modified_time\" content=\"2019-08-05T13:12:19+00:00\" \/>\n<meta property=\"og:image\" content=\"https:\/\/visitzirovnica.si\/wp-content\/uploads\/2021\/04\/Stol-panorama.jpg\" \/>\n\t<meta property=\"og:image:width\" content=\"1024\" \/>\n\t<meta property=\"og:image:height\" content=\"683\" \/>\n\t<meta property=\"og:image:type\" content=\"image\/jpeg\" \/>\n<meta name=\"twitter:card\" content=\"summary_large_image\" \/>\n<script type=\"application\/ld+json\" class=\"yoast-schema-graph\">{\"@context\":\"https:\/\/schema.org\",\"@graph\":[{\"@type\":\"WebPage\",\"@id\":\"https:\/\/visitzirovnica.si\/en\/where-to-find-us\/\",\"url\":\"https:\/\/visitzirovnica.si\/en\/where-to-find-us\/\",\"name\":\"Where to find us - Visit \u017dirovnica - Vrba - Zavr\u0161nica -Pre\u0161eren's BirthHouse\",\"isPartOf\":{\"@id\":\"http:\/\/visitzirovnica.si\/en\/#website\"},\"primaryImageOfPage\":{\"@id\":\"https:\/\/visitzirovnica.si\/en\/where-to-find-us\/#primaryimage\"},\"image\":{\"@id\":\"https:\/\/visitzirovnica.si\/en\/where-to-find-us\/#primaryimage\"},\"thumbnailUrl\":\"https:\/\/visitzirovnica.si\/wp-content\/uploads\/2021\/04\/Stol-panorama.jpg\",\"datePublished\":\"2017-04-07T08:14:55+00:00\",\"dateModified\":\"2019-08-05T13:12:19+00:00\",\"description\":\"\u017dirovnica lies in the heart of the Upper Carniola Region (Gorenjska), surrounded by the Karavanke mountains on one side and by the Julian Alps on the other.\",\"breadcrumb\":{\"@id\":\"https:\/\/visitzirovnica.si\/en\/where-to-find-us\/#breadcrumb\"},\"inLanguage\":\"en-US\",\"potentialAction\":[{\"@type\":\"ReadAction\",\"target\":[\"https:\/\/visitzirovnica.si\/en\/where-to-find-us\/\"]}]},{\"@type\":\"ImageObject\",\"inLanguage\":\"en-US\",\"@id\":\"https:\/\/visitzirovnica.si\/en\/where-to-find-us\/#primaryimage\",\"url\":\"https:\/\/visitzirovnica.si\/wp-content\/uploads\/2021\/04\/Stol-panorama.jpg\",\"contentUrl\":\"https:\/\/visitzirovnica.si\/wp-content\/uploads\/2021\/04\/Stol-panorama.jpg\",\"width\":1024,\"height\":683},{\"@type\":\"BreadcrumbList\",\"@id\":\"https:\/\/visitzirovnica.si\/en\/where-to-find-us\/#breadcrumb\",\"itemListElement\":[{\"@type\":\"ListItem\",\"position\":1,\"name\":\"Home\",\"item\":\"http:\/\/visitzirovnica.si\/\"},{\"@type\":\"ListItem\",\"position\":2,\"name\":\"Where to find us \/ Contact\"}]},{\"@type\":\"WebSite\",\"@id\":\"http:\/\/visitzirovnica.si\/en\/#website\",\"url\":\"http:\/\/visitzirovnica.si\/en\/\",\"name\":\"\u017dirovnica\",\"description\":\"Zavod za turizem in kulturo \u017dirovnica\",\"publisher\":{\"@id\":\"http:\/\/visitzirovnica.si\/en\/#organization\"},\"potentialAction\":[{\"@type\":\"SearchAction\",\"target\":{\"@type\":\"EntryPoint\",\"urlTemplate\":\"http:\/\/visitzirovnica.si\/en\/?s={search_term_string}\"},\"query-input\":{\"@type\":\"PropertyValueSpecification\",\"valueRequired\":true,\"valueName\":\"search_term_string\"}}],\"inLanguage\":\"en-US\"},{\"@type\":\"Organization\",\"@id\":\"http:\/\/visitzirovnica.si\/en\/#organization\",\"name\":\"Zavod za turizem in kulturo \u017dirovnica\",\"url\":\"http:\/\/visitzirovnica.si\/en\/\",\"logo\":{\"@type\":\"ImageObject\",\"inLanguage\":\"en-US\",\"@id\":\"http:\/\/visitzirovnica.si\/en\/#\/schema\/logo\/image\/\",\"url\":\"https:\/\/visitzirovnica.si\/wp-content\/uploads\/2017\/02\/zirovnica_logo_rjav.jpg\",\"contentUrl\":\"https:\/\/visitzirovnica.si\/wp-content\/uploads\/2017\/02\/zirovnica_logo_rjav.jpg\",\"width\":400,\"height\":100,\"caption\":\"Zavod za turizem in kulturo \u017dirovnica\"},\"image\":{\"@id\":\"http:\/\/visitzirovnica.si\/en\/#\/schema\/logo\/image\/\"},\"sameAs\":[\"https:\/\/www.facebook.com\/TurizemZirovnica\/\",\"https:\/\/www.instagram.com\/visitzirovnica\/\"]}]}<\/script>\n<!-- \/ Yoast SEO plugin. -->","yoast_head_json":{"title":"Where to find us - Visit \u017dirovnica - Vrba - Zavr\u0161nica -Pre\u0161eren's BirthHouse","description":"\u017dirovnica lies in the heart of the Upper Carniola Region (Gorenjska), surrounded by the Karavanke mountains on one side and by the Julian Alps on the other.","robots":{"index":"index","follow":"follow","max-snippet":"max-snippet:-1","max-image-preview":"max-image-preview:large","max-video-preview":"max-video-preview:-1"},"canonical":"https:\/\/visitzirovnica.si\/en\/where-to-find-us\/","og_locale":"en_US","og_type":"article","og_title":"Where to find us - Visit \u017dirovnica - Vrba - Zavr\u0161nica -Pre\u0161eren's BirthHouse","og_description":"\u017dirovnica lies in the heart of the Upper Carniola Region (Gorenjska), surrounded by the Karavanke mountains on one side and by the Julian Alps on the other.","og_url":"https:\/\/visitzirovnica.si\/en\/where-to-find-us\/","og_site_name":"\u017dirovnica","article_publisher":"https:\/\/www.facebook.com\/TurizemZirovnica\/","article_modified_time":"2019-08-05T13:12:19+00:00","og_image":[{"width":1024,"height":683,"url":"https:\/\/visitzirovnica.si\/wp-content\/uploads\/2021\/04\/Stol-panorama.jpg","type":"image\/jpeg"}],"twitter_card":"summary_large_image","schema":{"@context":"https:\/\/schema.org","@graph":[{"@type":"WebPage","@id":"https:\/\/visitzirovnica.si\/en\/where-to-find-us\/","url":"https:\/\/visitzirovnica.si\/en\/where-to-find-us\/","name":"Where to find us - Visit \u017dirovnica - Vrba - Zavr\u0161nica -Pre\u0161eren's BirthHouse","isPartOf":{"@id":"http:\/\/visitzirovnica.si\/en\/#website"},"primaryImageOfPage":{"@id":"https:\/\/visitzirovnica.si\/en\/where-to-find-us\/#primaryimage"},"image":{"@id":"https:\/\/visitzirovnica.si\/en\/where-to-find-us\/#primaryimage"},"thumbnailUrl":"https:\/\/visitzirovnica.si\/wp-content\/uploads\/2021\/04\/Stol-panorama.jpg","datePublished":"2017-04-07T08:14:55+00:00","dateModified":"2019-08-05T13:12:19+00:00","description":"\u017dirovnica lies in the heart of the Upper Carniola Region (Gorenjska), surrounded by the Karavanke mountains on one side and by the Julian Alps on the other.","breadcrumb":{"@id":"https:\/\/visitzirovnica.si\/en\/where-to-find-us\/#breadcrumb"},"inLanguage":"en-US","potentialAction":[{"@type":"ReadAction","target":["https:\/\/visitzirovnica.si\/en\/where-to-find-us\/"]}]},{"@type":"ImageObject","inLanguage":"en-US","@id":"https:\/\/visitzirovnica.si\/en\/where-to-find-us\/#primaryimage","url":"https:\/\/visitzirovnica.si\/wp-content\/uploads\/2021\/04\/Stol-panorama.jpg","contentUrl":"https:\/\/visitzirovnica.si\/wp-content\/uploads\/2021\/04\/Stol-panorama.jpg","width":1024,"height":683},{"@type":"BreadcrumbList","@id":"https:\/\/visitzirovnica.si\/en\/where-to-find-us\/#breadcrumb","itemListElement":[{"@type":"ListItem","position":1,"name":"Home","item":"http:\/\/visitzirovnica.si\/"},{"@type":"ListItem","position":2,"name":"Where to find us \/ Contact"}]},{"@type":"WebSite","@id":"http:\/\/visitzirovnica.si\/en\/#website","url":"http:\/\/visitzirovnica.si\/en\/","name":"\u017dirovnica","description":"Zavod za turizem in kulturo \u017dirovnica","publisher":{"@id":"http:\/\/visitzirovnica.si\/en\/#organization"},"potentialAction":[{"@type":"SearchAction","target":{"@type":"EntryPoint","urlTemplate":"http:\/\/visitzirovnica.si\/en\/?s={search_term_string}"},"query-input":{"@type":"PropertyValueSpecification","valueRequired":true,"valueName":"search_term_string"}}],"inLanguage":"en-US"},{"@type":"Organization","@id":"http:\/\/visitzirovnica.si\/en\/#organization","name":"Zavod za turizem in kulturo \u017dirovnica","url":"http:\/\/visitzirovnica.si\/en\/","logo":{"@type":"ImageObject","inLanguage":"en-US","@id":"http:\/\/visitzirovnica.si\/en\/#\/schema\/logo\/image\/","url":"https:\/\/visitzirovnica.si\/wp-content\/uploads\/2017\/02\/zirovnica_logo_rjav.jpg","contentUrl":"https:\/\/visitzirovnica.si\/wp-content\/uploads\/2017\/02\/zirovnica_logo_rjav.jpg","width":400,"height":100,"caption":"Zavod za turizem in kulturo \u017dirovnica"},"image":{"@id":"http:\/\/visitzirovnica.si\/en\/#\/schema\/logo\/image\/"},"sameAs":["https:\/\/www.facebook.com\/TurizemZirovnica\/","https:\/\/www.instagram.com\/visitzirovnica\/"]}]}},"_links":{"self":[{"href":"https:\/\/visitzirovnica.si\/en\/wp-json\/wp\/v2\/pages\/1948","targetHints":{"allow":["GET"]}}],"collection":[{"href":"https:\/\/visitzirovnica.si\/en\/wp-json\/wp\/v2\/pages"}],"about":[{"href":"https:\/\/visitzirovnica.si\/en\/wp-json\/wp\/v2\/types\/page"}],"author":[{"embeddable":true,"href":"https:\/\/visitzirovnica.si\/en\/wp-json\/wp\/v2\/users\/11"}],"replies":[{"embeddable":true,"href":"https:\/\/visitzirovnica.si\/en\/wp-json\/wp\/v2\/comments?post=1948"}],"version-history":[{"count":0,"href":"https:\/\/visitzirovnica.si\/en\/wp-json\/wp\/v2\/pages\/1948\/revisions"}],"wp:featuredmedia":[{"embeddable":true,"href":"https:\/\/visitzirovnica.si\/en\/wp-json\/wp\/v2\/media\/5062"}],"wp:attachment":[{"href":"https:\/\/visitzirovnica.si\/en\/wp-json\/wp\/v2\/media?parent=1948"}],"curies":[{"name":"wp","href":"https:\/\/api.w.org\/{rel}","templated":true}]}}