{"id":1975,"date":"2017-04-10T17:02:01","date_gmt":"2017-04-10T15:02:01","guid":{"rendered":"http:\/\/visitzirovnica.si\/?page_id=1975\/"},"modified":"2025-06-17T15:48:37","modified_gmt":"2025-06-17T13:48:37","slug":"home","status":"publish","type":"page","link":"http:\/\/visitzirovnica.si\/en\/","title":{"rendered":"Home"},"content":{"rendered":"","protected":false},"excerpt":{"rendered":"","protected":false},"author":11,"featured_media":5238,"parent":0,"menu_order":1,"comment_status":"closed","ping_status":"closed","template":"homepage-redesign.php","meta":{"_acf_changed":true,"footnotes":""},"class_list":["post-1975","page","type-page","status-publish","has-post-thumbnail","hentry"],"acf":[],"yoast_head":"<!-- This site is optimized with the Yoast SEO plugin v24.6 - https:\/\/yoast.com\/wordpress\/plugins\/seo\/ -->\n<title>Visit \u017dirovnica - Home - \u017dirovnica<\/title>\n<meta name=\"description\" content=\"\u017dirovnica is surrounded by the Julian Alps, meadows and forests, the high Karavanke mountain range invites lovers of hiking and offers views of Lake Bled.\" \/>\n<meta name=\"robots\" content=\"index, follow, max-snippet:-1, max-image-preview:large, max-video-preview:-1\" \/>\n<link rel=\"canonical\" href=\"http:\/\/visitzirovnica.si\/\" \/>\n<meta property=\"og:locale\" content=\"en_US\" \/>\n<meta property=\"og:type\" content=\"article\" \/>\n<meta property=\"og:title\" content=\"Visit \u017dirovnica - Home - \u017dirovnica\" \/>\n<meta property=\"og:description\" content=\"\u017dirovnica is surrounded by the Julian Alps, meadows and forests, the high Karavanke mountain range invites lovers of hiking and offers views of Lake Bled.\" \/>\n<meta property=\"og:url\" content=\"http:\/\/visitzirovnica.si\/\" \/>\n<meta property=\"og:site_name\" content=\"\u017dirovnica\" \/>\n<meta property=\"article:publisher\" content=\"https:\/\/www.facebook.com\/TurizemZirovnica\/\" \/>\n<meta property=\"article:modified_time\" content=\"2025-06-17T13:48:37+00:00\" \/>\n<meta property=\"og:image\" content=\"http:\/\/visitzirovnica.si\/wp-content\/uploads\/2021\/06\/zirovnica_logo_rjav_transparenten.png\" \/>\n\t<meta property=\"og:image:width\" content=\"400\" \/>\n\t<meta property=\"og:image:height\" content=\"100\" \/>\n\t<meta property=\"og:image:type\" content=\"image\/png\" \/>\n<meta name=\"twitter:card\" content=\"summary_large_image\" \/>\n<meta name=\"twitter:label1\" content=\"Est. reading time\" \/>\n\t<meta name=\"twitter:data1\" content=\"1 minute\" \/>\n<script type=\"application\/ld+json\" class=\"yoast-schema-graph\">{\"@context\":\"https:\/\/schema.org\",\"@graph\":[{\"@type\":\"WebPage\",\"@id\":\"http:\/\/visitzirovnica.si\/\",\"url\":\"http:\/\/visitzirovnica.si\/\",\"name\":\"Visit \u017dirovnica - Home - \u017dirovnica\",\"isPartOf\":{\"@id\":\"https:\/\/visitzirovnica.si\/#website\"},\"primaryImageOfPage\":{\"@id\":\"http:\/\/visitzirovnica.si\/#primaryimage\"},\"image\":{\"@id\":\"http:\/\/visitzirovnica.si\/#primaryimage\"},\"thumbnailUrl\":\"http:\/\/visitzirovnica.si\/wp-content\/uploads\/2021\/06\/zirovnica_logo_rjav_transparenten.png\",\"datePublished\":\"2017-04-10T15:02:01+00:00\",\"dateModified\":\"2025-06-17T13:48:37+00:00\",\"description\":\"\u017dirovnica is surrounded by the Julian Alps, meadows and forests, the high Karavanke mountain range invites lovers of hiking and offers views of Lake Bled.\",\"breadcrumb\":{\"@id\":\"http:\/\/visitzirovnica.si\/#breadcrumb\"},\"inLanguage\":\"en-US\",\"potentialAction\":[{\"@type\":\"ReadAction\",\"target\":[\"http:\/\/visitzirovnica.si\/\"]}]},{\"@type\":\"ImageObject\",\"inLanguage\":\"en-US\",\"@id\":\"http:\/\/visitzirovnica.si\/#primaryimage\",\"url\":\"http:\/\/visitzirovnica.si\/wp-content\/uploads\/2021\/06\/zirovnica_logo_rjav_transparenten.png\",\"contentUrl\":\"http:\/\/visitzirovnica.si\/wp-content\/uploads\/2021\/06\/zirovnica_logo_rjav_transparenten.png\",\"width\":400,\"height\":100},{\"@type\":\"BreadcrumbList\",\"@id\":\"http:\/\/visitzirovnica.si\/#breadcrumb\",\"itemListElement\":[{\"@type\":\"ListItem\",\"position\":1,\"name\":\"Home\",\"item\":\"http:\/\/visitzirovnica.si\/\"},{\"@type\":\"ListItem\",\"position\":2,\"name\":\"Home\"}]},{\"@type\":\"WebSite\",\"@id\":\"https:\/\/visitzirovnica.si\/#website\",\"url\":\"https:\/\/visitzirovnica.si\/\",\"name\":\"\u017dirovnica\",\"description\":\"Zavod za turizem in kulturo \u017dirovnica\",\"publisher\":{\"@id\":\"https:\/\/visitzirovnica.si\/#organization\"},\"potentialAction\":[{\"@type\":\"SearchAction\",\"target\":{\"@type\":\"EntryPoint\",\"urlTemplate\":\"https:\/\/visitzirovnica.si\/?s={search_term_string}\"},\"query-input\":{\"@type\":\"PropertyValueSpecification\",\"valueRequired\":true,\"valueName\":\"search_term_string\"}}],\"inLanguage\":\"en-US\"},{\"@type\":\"Organization\",\"@id\":\"https:\/\/visitzirovnica.si\/#organization\",\"name\":\"Zavod za turizem in kulturo \u017dirovnica\",\"url\":\"https:\/\/visitzirovnica.si\/\",\"logo\":{\"@type\":\"ImageObject\",\"inLanguage\":\"en-US\",\"@id\":\"https:\/\/visitzirovnica.si\/#\/schema\/logo\/image\/\",\"url\":\"https:\/\/visitzirovnica.si\/wp-content\/uploads\/2017\/02\/zirovnica_logo_rjav.jpg\",\"contentUrl\":\"https:\/\/visitzirovnica.si\/wp-content\/uploads\/2017\/02\/zirovnica_logo_rjav.jpg\",\"width\":400,\"height\":100,\"caption\":\"Zavod za turizem in kulturo \u017dirovnica\"},\"image\":{\"@id\":\"https:\/\/visitzirovnica.si\/#\/schema\/logo\/image\/\"},\"sameAs\":[\"https:\/\/www.facebook.com\/TurizemZirovnica\/\",\"https:\/\/www.instagram.com\/visitzirovnica\/\"]}]}<\/script>\n<!-- \/ Yoast SEO plugin. -->","yoast_head_json":{"title":"Visit \u017dirovnica - Home - \u017dirovnica","description":"\u017dirovnica is surrounded by the Julian Alps, meadows and forests, the high Karavanke mountain range invites lovers of hiking and offers views of Lake Bled.","robots":{"index":"index","follow":"follow","max-snippet":"max-snippet:-1","max-image-preview":"max-image-preview:large","max-video-preview":"max-video-preview:-1"},"canonical":"http:\/\/visitzirovnica.si\/","og_locale":"en_US","og_type":"article","og_title":"Visit \u017dirovnica - Home - \u017dirovnica","og_description":"\u017dirovnica is surrounded by the Julian Alps, meadows and forests, the high Karavanke mountain range invites lovers of hiking and offers views of Lake Bled.","og_url":"http:\/\/visitzirovnica.si\/","og_site_name":"\u017dirovnica","article_publisher":"https:\/\/www.facebook.com\/TurizemZirovnica\/","article_modified_time":"2025-06-17T13:48:37+00:00","og_image":[{"width":400,"height":100,"url":"http:\/\/visitzirovnica.si\/wp-content\/uploads\/2021\/06\/zirovnica_logo_rjav_transparenten.png","type":"image\/png"}],"twitter_card":"summary_large_image","twitter_misc":{"Est. reading time":"1 minute"},"schema":{"@context":"https:\/\/schema.org","@graph":[{"@type":"WebPage","@id":"http:\/\/visitzirovnica.si\/","url":"http:\/\/visitzirovnica.si\/","name":"Visit \u017dirovnica - Home - \u017dirovnica","isPartOf":{"@id":"https:\/\/visitzirovnica.si\/#website"},"primaryImageOfPage":{"@id":"http:\/\/visitzirovnica.si\/#primaryimage"},"image":{"@id":"http:\/\/visitzirovnica.si\/#primaryimage"},"thumbnailUrl":"http:\/\/visitzirovnica.si\/wp-content\/uploads\/2021\/06\/zirovnica_logo_rjav_transparenten.png","datePublished":"2017-04-10T15:02:01+00:00","dateModified":"2025-06-17T13:48:37+00:00","description":"\u017dirovnica is surrounded by the Julian Alps, meadows and forests, the high Karavanke mountain range invites lovers of hiking and offers views of Lake Bled.","breadcrumb":{"@id":"http:\/\/visitzirovnica.si\/#breadcrumb"},"inLanguage":"en-US","potentialAction":[{"@type":"ReadAction","target":["http:\/\/visitzirovnica.si\/"]}]},{"@type":"ImageObject","inLanguage":"en-US","@id":"http:\/\/visitzirovnica.si\/#primaryimage","url":"http:\/\/visitzirovnica.si\/wp-content\/uploads\/2021\/06\/zirovnica_logo_rjav_transparenten.png","contentUrl":"http:\/\/visitzirovnica.si\/wp-content\/uploads\/2021\/06\/zirovnica_logo_rjav_transparenten.png","width":400,"height":100},{"@type":"BreadcrumbList","@id":"http:\/\/visitzirovnica.si\/#breadcrumb","itemListElement":[{"@type":"ListItem","position":1,"name":"Home","item":"http:\/\/visitzirovnica.si\/"},{"@type":"ListItem","position":2,"name":"Home"}]},{"@type":"WebSite","@id":"https:\/\/visitzirovnica.si\/#website","url":"https:\/\/visitzirovnica.si\/","name":"\u017dirovnica","description":"Zavod za turizem in kulturo \u017dirovnica","publisher":{"@id":"https:\/\/visitzirovnica.si\/#organization"},"potentialAction":[{"@type":"SearchAction","target":{"@type":"EntryPoint","urlTemplate":"https:\/\/visitzirovnica.si\/?s={search_term_string}"},"query-input":{"@type":"PropertyValueSpecification","valueRequired":true,"valueName":"search_term_string"}}],"inLanguage":"en-US"},{"@type":"Organization","@id":"https:\/\/visitzirovnica.si\/#organization","name":"Zavod za turizem in kulturo \u017dirovnica","url":"https:\/\/visitzirovnica.si\/","logo":{"@type":"ImageObject","inLanguage":"en-US","@id":"https:\/\/visitzirovnica.si\/#\/schema\/logo\/image\/","url":"https:\/\/visitzirovnica.si\/wp-content\/uploads\/2017\/02\/zirovnica_logo_rjav.jpg","contentUrl":"https:\/\/visitzirovnica.si\/wp-content\/uploads\/2017\/02\/zirovnica_logo_rjav.jpg","width":400,"height":100,"caption":"Zavod za turizem in kulturo \u017dirovnica"},"image":{"@id":"https:\/\/visitzirovnica.si\/#\/schema\/logo\/image\/"},"sameAs":["https:\/\/www.facebook.com\/TurizemZirovnica\/","https:\/\/www.instagram.com\/visitzirovnica\/"]}]}},"_links":{"self":[{"href":"http:\/\/visitzirovnica.si\/en\/wp-json\/wp\/v2\/pages\/1975","targetHints":{"allow":["GET"]}}],"collection":[{"href":"http:\/\/visitzirovnica.si\/en\/wp-json\/wp\/v2\/pages"}],"about":[{"href":"http:\/\/visitzirovnica.si\/en\/wp-json\/wp\/v2\/types\/page"}],"author":[{"embeddable":true,"href":"http:\/\/visitzirovnica.si\/en\/wp-json\/wp\/v2\/users\/11"}],"replies":[{"embeddable":true,"href":"http:\/\/visitzirovnica.si\/en\/wp-json\/wp\/v2\/comments?post=1975"}],"version-history":[{"count":0,"href":"http:\/\/visitzirovnica.si\/en\/wp-json\/wp\/v2\/pages\/1975\/revisions"}],"wp:featuredmedia":[{"embeddable":true,"href":"http:\/\/visitzirovnica.si\/en\/wp-json\/wp\/v2\/media\/5238"}],"wp:attachment":[{"href":"http:\/\/visitzirovnica.si\/en\/wp-json\/wp\/v2\/media?parent=1975"}],"curies":[{"name":"wp","href":"https:\/\/api.w.org\/{rel}","templated":true}]}}